{"id":77,"date":"2022-07-12T22:45:48","date_gmt":"2022-07-12T20:45:48","guid":{"rendered":"https:\/\/acupunturatarifa.com\/en\/?page_id=77"},"modified":"2023-08-25T18:58:50","modified_gmt":"2023-08-25T16:58:50","slug":"legal-warning","status":"publish","type":"page","link":"https:\/\/acupunturatarifa.com\/en\/legal-warning\/","title":{"rendered":"Legal Warning"},"content":{"rendered":"\t\t<div data-elementor-type=\"wp-page\" data-elementor-id=\"77\" class=\"elementor elementor-77\">\n\t\t\t\t\t\t<section class=\"elementor-section elementor-top-section elementor-element elementor-element-278ac9a1 elementor-section-stretched elementor-section-full_width elementor-section-height-default elementor-section-height-default\" data-id=\"278ac9a1\" data-element_type=\"section\" data-settings=\"{&quot;shape_divider_bottom&quot;:&quot;wave-brush&quot;,&quot;stretch_section&quot;:&quot;section-stretched&quot;,&quot;background_background&quot;:&quot;classic&quot;}\">\n\t\t\t\t\t<div class=\"elementor-shape elementor-shape-bottom\" aria-hidden=\"true\" data-negative=\"false\">\n\t\t\t<svg xmlns=\"http:\/\/www.w3.org\/2000\/svg\" viewBox=\"0 0 283.5 27.8\" preserveAspectRatio=\"none\">\n\t<path class=\"elementor-shape-fill\" d=\"M283.5,9.7c0,0-7.3,4.3-14,4.6c-6.8,0.3-12.6,0-20.9-1.5c-11.3-2-33.1-10.1-44.7-5.7\ts-12.1,4.6-18,7.4c-6.6,3.2-20,9.6-36.6,9.3C131.6,23.5,99.5,7.2,86.3,8c-1.4,0.1-6.6,0.8-10.5,2c-3.8,1.2-9.4,3.8-17,4.7\tc-3.2,0.4-8.3,1.1-14.2,0.9c-1.5-0.1-6.3-0.4-12-1.6c-5.7-1.2-11-3.1-15.8-3.7C6.5,9.2,0,10.8,0,10.8V0h283.5V9.7z M260.8,11.3\tc-0.7-1-2-0.4-4.3-0.4c-2.3,0-6.1-1.2-5.8-1.1c0.3,0.1,3.1,1.5,6,1.9C259.7,12.2,261.4,12.3,260.8,11.3z M242.4,8.6\tc0,0-2.4-0.2-5.6-0.9c-3.2-0.8-10.3-2.8-15.1-3.5c-8.2-1.1-15.8,0-15.1,0.1c0.8,0.1,9.6-0.6,17.6,1.1c3.3,0.7,9.3,2.2,12.4,2.7\tC239.9,8.7,242.4,8.6,242.4,8.6z M185.2,8.5c1.7-0.7-13.3,4.7-18.5,6.1c-2.1,0.6-6.2,1.6-10,2c-3.9,0.4-8.9,0.4-8.8,0.5\tc0,0.2,5.8,0.8,11.2,0c5.4-0.8,5.2-1.1,7.6-1.6C170.5,14.7,183.5,9.2,185.2,8.5z M199.1,6.9c0.2,0-0.8-0.4-4.8,1.1\tc-4,1.5-6.7,3.5-6.9,3.7c-0.2,0.1,3.5-1.8,6.6-3C197,7.5,199,6.9,199.1,6.9z M283,6c-0.1,0.1-1.9,1.1-4.8,2.5s-6.9,2.8-6.7,2.7\tc0.2,0,3.5-0.6,7.4-2.5C282.8,6.8,283.1,5.9,283,6z M31.3,11.6c0.1-0.2-1.9-0.2-4.5-1.2s-5.4-1.6-7.8-2C15,7.6,7.3,8.5,7.7,8.6\tC8,8.7,15.9,8.3,20.2,9.3c2.2,0.5,2.4,0.5,5.7,1.6S31.2,11.9,31.3,11.6z M73,9.2c0.4-0.1,3.5-1.6,8.4-2.6c4.9-1.1,8.9-0.5,8.9-0.8\tc0-0.3-1-0.9-6.2-0.3S72.6,9.3,73,9.2z M71.6,6.7C71.8,6.8,75,5.4,77.3,5c2.3-0.3,1.9-0.5,1.9-0.6c0-0.1-1.1-0.2-2.7,0.2\tC74.8,5.1,71.4,6.6,71.6,6.7z M93.6,4.4c0.1,0.2,3.5,0.8,5.6,1.8c2.1,1,1.8,0.6,1.9,0.5c0.1-0.1-0.8-0.8-2.4-1.3\tC97.1,4.8,93.5,4.2,93.6,4.4z M65.4,11.1c-0.1,0.3,0.3,0.5,1.9-0.2s2.6-1.3,2.2-1.2s-0.9,0.4-2.5,0.8C65.3,10.9,65.5,10.8,65.4,11.1\tz M34.5,12.4c-0.2,0,2.1,0.8,3.3,0.9c1.2,0.1,2,0.1,2-0.2c0-0.3-0.1-0.5-1.6-0.4C36.6,12.8,34.7,12.4,34.5,12.4z M152.2,21.1\tc-0.1,0.1-2.4-0.3-7.5-0.3c-5,0-13.6-2.4-17.2-3.5c-3.6-1.1,10,3.9,16.5,4.1C150.5,21.6,152.3,21,152.2,21.1z\"\/>\n\t<path class=\"elementor-shape-fill\" d=\"M269.6,18c-0.1-0.1-4.6,0.3-7.2,0c-7.3-0.7-17-3.2-16.6-2.9c0.4,0.3,13.7,3.1,17,3.3\tC267.7,18.8,269.7,18,269.6,18z\"\/>\n\t<path class=\"elementor-shape-fill\" d=\"M227.4,9.8c-0.2-0.1-4.5-1-9.5-1.2c-5-0.2-12.7,0.6-12.3,0.5c0.3-0.1,5.9-1.8,13.3-1.2\tS227.6,9.9,227.4,9.8z\"\/>\n\t<path class=\"elementor-shape-fill\" d=\"M204.5,13.4c-0.1-0.1,2-1,3.2-1.1c1.2-0.1,2,0,2,0.3c0,0.3-0.1,0.5-1.6,0.4\tC206.4,12.9,204.6,13.5,204.5,13.4z\"\/>\n\t<path class=\"elementor-shape-fill\" d=\"M201,10.6c0-0.1-4.4,1.2-6.3,2.2c-1.9,0.9-6.2,3.1-6.1,3.1c0.1,0.1,4.2-1.6,6.3-2.6\tS201,10.7,201,10.6z\"\/>\n\t<path class=\"elementor-shape-fill\" d=\"M154.5,26.7c-0.1-0.1-4.6,0.3-7.2,0c-7.3-0.7-17-3.2-16.6-2.9c0.4,0.3,13.7,3.1,17,3.3\tC152.6,27.5,154.6,26.8,154.5,26.7z\"\/>\n\t<path class=\"elementor-shape-fill\" d=\"M41.9,19.3c0,0,1.2-0.3,2.9-0.1c1.7,0.2,5.8,0.9,8.2,0.7c4.2-0.4,7.4-2.7,7-2.6\tc-0.4,0-4.3,2.2-8.6,1.9c-1.8-0.1-5.1-0.5-6.7-0.4S41.9,19.3,41.9,19.3z\"\/>\n\t<path class=\"elementor-shape-fill\" d=\"M75.5,12.6c0.2,0.1,2-0.8,4.3-1.1c2.3-0.2,2.1-0.3,2.1-0.5c0-0.1-1.8-0.4-3.4,0\tC76.9,11.5,75.3,12.5,75.5,12.6z\"\/>\n\t<path class=\"elementor-shape-fill\" d=\"M15.6,13.2c0-0.1,4.3,0,6.7,0.5c2.4,0.5,5,1.9,5,2c0,0.1-2.7-0.8-5.1-1.4\tC19.9,13.7,15.7,13.3,15.6,13.2z\"\/>\n<\/svg>\t\t<\/div>\n\t\t\t\t\t<div class=\"elementor-container elementor-column-gap-default\">\n\t\t\t\t\t<div class=\"elementor-column elementor-col-100 elementor-top-column elementor-element elementor-element-3c9231ea\" data-id=\"3c9231ea\" data-element_type=\"column\" data-settings=\"{&quot;background_background&quot;:&quot;classic&quot;}\">\n\t\t\t<div class=\"elementor-widget-wrap\">\n\t\t\t\t\t\t\t<\/div>\n\t\t<\/div>\n\t\t\t\t\t<\/div>\n\t\t<\/section>\n\t\t\t\t<section class=\"elementor-section elementor-top-section elementor-element elementor-element-6d3dd7b0 elementor-section-stretched elementor-section-boxed elementor-section-height-default elementor-section-height-default\" data-id=\"6d3dd7b0\" data-element_type=\"section\" data-settings=\"{&quot;stretch_section&quot;:&quot;section-stretched&quot;,&quot;shape_divider_bottom&quot;:&quot;mountains&quot;,&quot;background_background&quot;:&quot;classic&quot;}\">\n\t\t\t\t\t<div class=\"elementor-shape elementor-shape-bottom\" aria-hidden=\"true\" data-negative=\"false\">\n\t\t\t<svg xmlns=\"http:\/\/www.w3.org\/2000\/svg\" viewBox=\"0 0 1000 100\" preserveAspectRatio=\"none\">\n\t<path class=\"elementor-shape-fill\" opacity=\"0.33\" d=\"M473,67.3c-203.9,88.3-263.1-34-320.3,0C66,119.1,0,59.7,0,59.7V0h1000v59.7 c0,0-62.1,26.1-94.9,29.3c-32.8,3.3-62.8-12.3-75.8-22.1C806,49.6,745.3,8.7,694.9,4.7S492.4,59,473,67.3z\"\/>\n\t<path class=\"elementor-shape-fill\" opacity=\"0.66\" d=\"M734,67.3c-45.5,0-77.2-23.2-129.1-39.1c-28.6-8.7-150.3-10.1-254,39.1 s-91.7-34.4-149.2,0C115.7,118.3,0,39.8,0,39.8V0h1000v36.5c0,0-28.2-18.5-92.1-18.5C810.2,18.1,775.7,67.3,734,67.3z\"\/>\n\t<path class=\"elementor-shape-fill\" d=\"M766.1,28.9c-200-57.5-266,65.5-395.1,19.5C242,1.8,242,5.4,184.8,20.6C128,35.8,132.3,44.9,89.9,52.5C28.6,63.7,0,0,0,0 h1000c0,0-9.9,40.9-83.6,48.1S829.6,47,766.1,28.9z\"\/>\n<\/svg>\t\t<\/div>\n\t\t\t\t\t<div class=\"elementor-container elementor-column-gap-default\">\n\t\t\t\t\t<div class=\"elementor-column elementor-col-100 elementor-top-column elementor-element elementor-element-2d43f112\" data-id=\"2d43f112\" data-element_type=\"column\">\n\t\t\t<div class=\"elementor-widget-wrap elementor-element-populated\">\n\t\t\t\t\t\t<div class=\"elementor-element elementor-element-1e0a94b6 elementor-widget elementor-widget-html\" data-id=\"1e0a94b6\" data-element_type=\"widget\" data-widget_type=\"html.default\">\n\t\t\t\t<div class=\"elementor-widget-container\">\n\t\t\t\t\t<h2>Legal warning<\/h2>\n\n<p><strong>IDENTIFYING DATA OF THE SERVICE PROVIDER OF THE INFORMATION SOCIETY.<\/strong><\/p>\n\n<p>\nIn accordance with article 10 of Law 34\/2002, on Services of the Information Society and Electronic Commerce, it is informed that the owner of the website is:<br>\n<br>\n<strong>Inmaculada Array\u00e1s V\u00e1zquez<\/strong><br>\nCarretera del Santuario de la Luz, km 10, 11380 Tarifa, C\u00e1diz<br>\nID: 28873131N<br>\nE-mail: <a href=\"mailto:macupuntura@gmail.com\">macupuntura@gmail.com<\/a>\n<\/p>\n\n\n<p>&nbsp;<\/p>\n<h3 class=\"politicaPrivacidad\">Introduction<\/h3>\n\n<p>This Legal Notice regulates the use of the website <a href=\"http:\/\/acupunturatarifa.com\/\">http:\/\/acupunturatarifa.com\/<\/a> (hereinafter, <strong><em>this website<\/em><\/strong>) owned by <strong>Inmaculada Array\u00e1s V\u00e1zquez<\/strong>, with ID: 28873131N and registered office at Carretera del Santuario de la Luz, km 10 , 11380 Tarifa, C\u00e1diz.<\/p>\n\nAccess to <strong><em>this website<\/em><\/strong> is free except for the cost of the connection through the telecommunications network provided by the access provider contracted by the users.\n\n\n<p>&nbsp;<\/p>\n<h3 class=\"politicaPrivacidad\">Acceptance<\/h3>\n\n<p>The use of <strong><em>this website<\/em><\/strong> attributes the condition of user and implies the acceptance of all the conditions and terms of use included in this Legal Notice.<\/p>\n\n<p>Users are advised to carefully read this Legal Notice periodically, since the conditions of use of the same, contained in the aforementioned Notice, may undergo modifications.<\/p>\n\n<p><strong>Inmaculada Array\u00e1s V\u00e1zquez<\/strong> reserves the right to unilaterally modify the conditions and terms of use of this page. Any change in this regard will be posted visibly on <strong><em>this web page<\/em><\/strong>, indicating the date of the last update at the top of the document. If you continue to use the services provided on <strong><em>this website<\/em><\/strong>, once the conditions of use of the website have been modified, it will be understood that you accept the modifications made to them.\n\n\n<p>&nbsp;<\/p>\n<h3 class=\"politicaPrivacidad\">Navigation, access and security<\/h3>\n\n<p>Access and navigation on <strong><em>this website<\/em><\/strong> implies accepting and knowing the legal warnings, conditions and terms of use contained therein. <strong>Inmaculada Array\u00e1s V\u00e1zquez<\/strong>, makes the maximum efforts so that the navigation is carried out in the best conditions and to avoid the damages of any type that could be caused during the same.<\/p>\n\n<p>The Holder is not responsible for any damages, of any kind, that could be caused to the Users by the use of other browsers or different versions of the browsers for which <strong><em>this web page<\/em><\/strong> has been designed.<\/p>\n\n\n<p>&nbsp;<\/p>\n<h3 class=\"politicaPrivacidad\">User Obligations<\/h3>\n\n<p><strong>1. Obligation to make proper use of <strong><em>this website<\/em><\/strong><\/strong><\/p>\n\n<p>The conditions of access and use of this website are subject to the current legislation and the principles of good faith and lawful use by the user of the same being prohibited, in general, any type of action to the detriment of <strong>Inmaculada Array\u00e1s V\u00e1zquez<\/strong>, and contrary to this Legal Notice.<\/p>\n\n<p>The user undertakes to use this service without incurring activities that may be considered illegal or illegal, that infringe the rights of <strong>Inmaculada Array\u00e1s V\u00e1zquez<\/strong>, or third parties, or that may damage, disable, overload or damage <strong><em>this website<\/em><\/strong> or prevent normal use of it by other users.\n\n<p>&nbsp;<\/p>\n\n<p><strong>2. Prohibitions<\/strong><\/p>\n\n<p>It is prohibited to use <strong><em>this website<\/em><\/strong> for illegal or unauthorized purposes, specifically and without taxation:<\/p>\n\n<p>1) Any form of violation of the rights of third parties (right to privacy, right to self-image, intellectual and industrial property rights, etc.).<\/p>\n\n<p>2) Perform, using the contents of this website, any type of advertising such as sending unsolicited emails (spam) or similar communication.<\/p>\n\n<p>3) Introduce computer viruses, defective files or any other software or computer program that may cause damage or unauthorized alterations of the contents or systems accessible through <strong><em>this website<\/em><\/strong>.<\/p>\n\n\n<p>&nbsp;<\/p>\n<h3 class=\"politicaPrivacidad\">Present<\/h3>\n\n<p>The information that appears on <strong><em>this website<\/em><\/strong> is valid on the date of its last update. The Owner reserves the right to update, modify or delete the information on <strong><em>this website<\/em><\/strong>.<\/p>\n\n\n<p>&nbsp;<\/p>\n<h3 class=\"politicaPrivacidad\">Intellectual property<\/h3>\n\n<p>All the information contained in <strong><em>this web page<\/em><\/strong>, as well as its graphic design and the codes used, are protected by copyright or other protection rights contained in Royal Legislative Decree 1\/1996, of April 12, which approves the Consolidated Text of the Intellectual Property Law. These rights belong exclusively to <strong>Inmaculada Array\u00e1s V\u00e1zquez<\/strong>, or its licensors, therefore, any act of reproduction, distribution, transformation or public communication is expressly excluded, as well as any type of assignment, of all or part of the content of this site, and in general of any object that according to current legislation is protected by intellectual property rules.<\/p>\n\n<p>All web content and all content available through the Holder's products and services including designs, text, graphics, images, video, information, applications, software, music, sound and other files, as well as their selection and layout ( the \"Content\") are the exclusive property of the Owner or its licensors, with all rights reserved.<\/p>\n\n<p>No part of the Website Content may be modified, copied, distributed, framed, reproduced, republished, downloaded, extracted, displayed, published, transmitted or sold in any way or by any means, in whole or in part, without the prior written consent of the Headline. You may not upload or republish Web Content on any Internet, Intranet or Extranet site or integrate the information into databases or compilation. Any other use of the Website Content is strictly prohibited.<\/p>\n\n<p>The content of <strong><em>this website<\/em><\/strong> should not be used for public dissemination or commercial purposes, and should not be modified without the prior written consent of the Owner.<\/p>\n\n\n<p>&nbsp;<\/p>\n<h3 class=\"politicaPrivacidad\">Trademarks<\/h3>\n\n<p>All brands, logos and anagrams shown on this site are the property of <strong>Inmaculada Array\u00e1s V\u00e1zquez<\/strong>, or third parties. The use, without prior consent, of any element of <strong><em>this website<\/em><\/strong> that is subject to protection in accordance with current legislation regarding industrial property is expressly prohibited. Especially, brands, trade names, shop signs, denominations, logos, slogans or any type of distinctive sign belonging to the Holder may not be used.<\/p>\n\n\n<p>&nbsp;<\/p>\n<h3 class=\"politicaPrivacidad\">Links<\/h3>\n\n\n<p>The user who wants to introduce links from their own web pages to that of <strong>Inmaculada Array\u00e1s V\u00e1zquez<\/strong>, must comply with the conditions detailed below without their ignorance avoiding the responsibilities derived from the Law:<\/p>\n\n<p>1) The link will only link to the home page or main page but you cannot reproduce it in any way (in-line links, copy of the texts, graphics, etc.).<\/p>\n\n<p>2) It will be prohibited in any case, in accordance with the applicable legislation and in force at any time, to establish frames or frames of any kind that surround this page or allow the visualization of the contents through Internet addresses different from those of the same and, in any case, when they are visualized jointly with contents outside of it in such a way that: (I) produces, or may produce, error, confusion or deception in the users about the true origin of the service or contents; (II) suppose an act of unfair comparison or imitation; (III) serves to take advantage of the reputation of the brand and prestige of <strong>Inmaculada Array\u00e1s V\u00e1zquez<\/strong> or (IV) in any other way is prohibited by current legislation.<\/p>\n\n<p>3) No false, inaccurate or incorrect manifestation of <strong>Inmaculada Array\u00e1s V\u00e1zquez<\/strong>, its employees or the activities carried out will be made from the page that introduces the link.<\/p>\n\n<p>4) In no case, it will be expressed on the page where the link is located that <strong>Inmaculada Array\u00e1s V\u00e1zquez<\/strong> has given his consent for the insertion of the same or that, otherwise, sponsors, collaborates, verifies or supervises the services of the sender.<\/p>\n\n<p>5) The use of any denominative, graphic or mixed brand or any other mark of <strong>Inmaculada Array\u00e1s V\u00e1zquez<\/strong> is prohibited, within the sender's page except in the cases allowed by the Law or expressly authorized by <strong>Inmaculada Array\u00e1s V\u00e1zquez<\/strong>, and whenever allowed , in these cases, a direct link to this web page of <strong>Inmaculada Array\u00e1s V\u00e1zquez<\/strong>, in the manner established in this clause.<\/p>\n\n<p>6) The page that establishes the link must faithfully comply with the Law and may not in any case have or link with its own or third-party content that: (I) is illegal, harmful or contrary to morality and good customs (pornographic, violent, racist, etc.); (II) induce or may induce in the User the false conception that <strong>Inmaculada Array\u00e1s V\u00e1zquez<\/strong> subscribes, endorses, adheres or in any way supports, the ideas, manifestations or expressions, lawful or illegal, of the sender; (III) are inappropriate or not relevant to the activity of <strong>Inmaculada Array\u00e1s V\u00e1zquez<\/strong>, in response to the place, contents and theme of the sender's website.<\/p>\n\n<p>In any case, <strong>Inmaculada Array\u00e1s V\u00e1zquez<\/strong> reserves the right to prohibit links to its website and to demand its withdrawal when they do not meet the conditions required in this section.<\/p>\n\n\n<p>&nbsp;<\/p>\n<h3 class=\"politicaPrivacidad\">Responsibility<\/h3>\n\n<p>The user will be solely responsible for the infractions that may be incurred or for the damages that may be caused to third parties due to the improper or illegitimate use of <strong><em>this web page<\/em><\/strong>.<\/p>\n\n<p><strong>Inmaculada Array\u00e1s V\u00e1zquez<\/strong>, will not be liable for any damages or losses that may arise from interference, omissions, interruptions, computer viruses, telephone breakdowns or disconnections in the operational operation of electronic systems or informatics, motivated by causes outside the company, of delays or blockages in the use of such systems caused by deficiencies or overloads of telephone lines, overloads in the Internet system or in other electronic systems. <\/p>\n\n<p><strong>Inmaculada Array\u00e1s V\u00e1zquez<\/strong>, does not guarantee the truthfulness or is responsible for the consequences that may arise from errors in the content provided by third parties that may appear on <strong><em>this web page<\/em><\/strong>.<\/p>\n\n<p> Similarly, <strong>Inmaculada Array\u00e1s V\u00e1zquez<\/strong>, is not responsible for the contents, products or services that can be viewed through electronic links (links), directly or indirectly, through <strong><em >this web page<\/em><\/strong>, except in those cases provided for in article 17 of Law 34\/2002, of July 12, on Services of the Information Society and Electronic Commerce (LSSI). In the event that a user considers that there is a site linked to illegal or inappropriate content, they must inform them of <strong>Inmaculada Array\u00e1s V\u00e1zquez<\/strong>, following the procedure established in section 9 of this Legal Notice.<\/p>\n\n<p>The links do not necessarily represent the existence of a relationship between <strong>Inmaculada Array\u00e1s V\u00e1zquez<\/strong>, and the individuals and entities holding the pages to which they give access or the recommendation, promotion or identification of <strong>Inmaculada Array\u00e1s V\u00e1zquez<\/strong>, with the statements, contents or services provided through of them. <strong>Inmaculada Array\u00e1s V\u00e1zquez<\/strong>, reserves the right to unilaterally withdraw the links that appear on its website at any time.<\/p>\n\n<p><strong>Inmaculada Array\u00e1s V\u00e1zquez<\/strong>, does not know the contents and services of the linked sites and, therefore, is not responsible for the damages caused by the illegality, quality, outdating, unavailability, error and uselessness thereof or for any other damage that does not be directly attributable to her.<\/p>\n\n<p><strong>Inmaculada Array\u00e1s V\u00e1zquez<\/strong>, disclaims responsibility for the \"cookies\" that third parties may install on the hard drive of the user's computer.<\/p>\n\n\n<p>&nbsp;<\/p>\n<h3 class=\"politicaPrivacidad\">Communications<\/h3>\n\n<p>For any communication that needs to be made they must send an email to <a href=\"mailto:macupuntura@gmail.com\">macupuntura@gmail.com<\/a>  or send a written communication to <strong>Inmaculada Array\u00e1s V\u00e1zquez<\/strong> Carretera del Santuario de la Luz, km 10, 11380 Tarifa, C\u00e1diz.<\/p>\n\n\n<p>&nbsp;<\/p>\n<h3 class=\"politicaPrivacidad\">Jurisdiction and applicable legislation<\/h3>\n\n<p>The terms and conditions that govern <strong><em>this web page<\/em><\/strong> and all the relationships that may arise are safeguarded by Spanish law.<\/p>\n\n<p>Any controversy that may arise from the access or use of <strong><em>this website<\/em><\/strong> will fall within the jurisdiction of the courts of C\u00e1diz.<\/p>\n\n<p><strong>Inmaculada Array\u00e1s V\u00e1zquez<\/strong>, 2019 \u00a9 All rights reserved<\/p>\t\t\t\t<\/div>\n\t\t\t\t<\/div>\n\t\t\t\t\t<\/div>\n\t\t<\/div>\n\t\t\t\t\t<\/div>\n\t\t<\/section>\n\t\t\t\t<\/div>\n\t\t","protected":false},"excerpt":{"rendered":"<p>Legal warning IDENTIFYING DATA OF THE SERVICE PROVIDER OF THE INFORMATION SOCIETY. In accordance with article 10 of Law 34\/2002, on Services of the Information Society and Electronic Commerce, it is informed that the owner of the website is: Inmaculada Array\u00e1s V\u00e1zquez Carretera del Santuario de la Luz, km 10, 11380 Tarifa, C\u00e1diz ID: 28873131N &#8230; <a title=\"Legal Warning\" class=\"read-more\" href=\"https:\/\/acupunturatarifa.com\/en\/legal-warning\/\" aria-label=\"Read more about Legal Warning\">Read more<\/a><\/p>\n","protected":false},"author":1,"featured_media":0,"parent":0,"menu_order":20,"comment_status":"closed","ping_status":"closed","template":"","meta":{"footnotes":""},"class_list":["post-77","page","type-page","status-publish"],"_links":{"self":[{"href":"https:\/\/acupunturatarifa.com\/en\/wp-json\/wp\/v2\/pages\/77","targetHints":{"allow":["GET"]}}],"collection":[{"href":"https:\/\/acupunturatarifa.com\/en\/wp-json\/wp\/v2\/pages"}],"about":[{"href":"https:\/\/acupunturatarifa.com\/en\/wp-json\/wp\/v2\/types\/page"}],"author":[{"embeddable":true,"href":"https:\/\/acupunturatarifa.com\/en\/wp-json\/wp\/v2\/users\/1"}],"replies":[{"embeddable":true,"href":"https:\/\/acupunturatarifa.com\/en\/wp-json\/wp\/v2\/comments?post=77"}],"version-history":[{"count":5,"href":"https:\/\/acupunturatarifa.com\/en\/wp-json\/wp\/v2\/pages\/77\/revisions"}],"predecessor-version":[{"id":380,"href":"https:\/\/acupunturatarifa.com\/en\/wp-json\/wp\/v2\/pages\/77\/revisions\/380"}],"wp:attachment":[{"href":"https:\/\/acupunturatarifa.com\/en\/wp-json\/wp\/v2\/media?parent=77"}],"curies":[{"name":"wp","href":"https:\/\/api.w.org\/{rel}","templated":true}]}}